{"id":2460,"date":"2023-04-22T14:36:21","date_gmt":"2023-04-22T07:36:21","guid":{"rendered":"https:\/\/haniauto.com\/?post_type=product&#038;p=2460"},"modified":"2023-06-14T10:55:23","modified_gmt":"2023-06-14T03:55:23","slug":"vong-bi-nsk-1204-20x47x14mm","status":"publish","type":"product","link":"https:\/\/haniauto.com\/en\/product\/vong-bi-nsk-1204-20x47x14mm\/","title":{"rendered":"Bearing NSK 1204 20x47x14mm"},"content":{"rendered":"<p>Bearing NSK 1204 20x47x14mm. A bearing with a spherical surface in which the center of the raceway of the outer bearing coincides with the center of the bearing itself and the inner ring consists of two rows of raceway grooves.<\/p>\n<p><img fetchpriority=\"high\" decoding=\"async\" class=\"aligncenter  wp-image-2839\" src=\"https:\/\/haniauto.com\/wp-content\/uploads\/2023\/04\/1204-NSK-1.jpg\" alt=\"\" width=\"369\" height=\"369\" srcset=\"https:\/\/haniauto.com\/wp-content\/uploads\/2023\/04\/1204-NSK-1.jpg 1000w, https:\/\/haniauto.com\/wp-content\/uploads\/2023\/04\/1204-NSK-1-300x300.jpg 300w, https:\/\/haniauto.com\/wp-content\/uploads\/2023\/04\/1204-NSK-1-100x100.jpg 100w, https:\/\/haniauto.com\/wp-content\/uploads\/2023\/04\/1204-NSK-1-600x600.jpg 600w, https:\/\/haniauto.com\/wp-content\/uploads\/2023\/04\/1204-NSK-1-150x150.jpg 150w, https:\/\/haniauto.com\/wp-content\/uploads\/2023\/04\/1204-NSK-1-768x768.jpg 768w, https:\/\/haniauto.com\/wp-content\/uploads\/2023\/04\/1204-NSK-1-12x12.jpg 12w, https:\/\/haniauto.com\/wp-content\/uploads\/2023\/04\/1204-NSK-1-50x50.jpg 50w\" sizes=\"(max-width: 369px) 100vw, 369px\" \/><\/p>\n<table id=\"product-attribute-specs-table\" class=\"data table additional-attributes\">\n<tbody>\n<tr>\n<th class=\"col label\" scope=\"row\">Outside diameter<\/th>\n<td class=\"col data\" data-th=\"Outer diameter\">47mm<\/td>\n<\/tr>\n<tr>\n<th class=\"col label\" scope=\"row\">overall width<\/th>\n<td class=\"col data\" data-th=\"Overall width\">14mm<\/td>\n<\/tr>\n<tr>\n<th class=\"col label\" scope=\"row\">hole type<\/th>\n<td class=\"col data\" data-th=\"Bore type\">cylinder<\/td>\n<\/tr>\n<tr>\n<th class=\"col label\" scope=\"row\">cage material<\/th>\n<td class=\"col data\" data-th=\"Cage material\">Steel<\/td>\n<\/tr>\n<tr>\n<th class=\"col label\" scope=\"row\">exact class<\/th>\n<td class=\"col data\" data-th=\"Precision class\">Normal class (P0)<\/td>\n<\/tr>\n<tr>\n<th class=\"col label\" scope=\"row\">Radial clearance<\/th>\n<td class=\"col data\" data-th=\"Radial internal clearance\">CN<\/td>\n<\/tr>\n<tr>\n<th class=\"col label\" scope=\"row\">seal type<\/th>\n<td class=\"col data\" data-th=\"Seal type\">Open<\/td>\n<\/tr>\n<tr>\n<th class=\"col label\" scope=\"row\">Weight \/ kg)<\/th>\n<td class=\"col data\" data-th=\"Weight (kg)\">0,120000<\/td>\n<\/tr>\n<\/tbody>\n<\/table>","protected":false},"excerpt":{"rendered":"<p>V\u00f2ng bi NSK 1204 20x47x14mm. M\u1ed9t \u1ed5 tr\u1ee5c c\u00f3 b\u1ec1 m\u1eb7t h\u00ecnh c\u1ea7u trong \u0111\u00f3 t\u00e2m r\u00e3nh l\u0103n c\u1ee7a \u1ed5 tr\u1ee5c ngo\u00e0i tr\u00f9ng v\u1edbi t\u00e2m c\u1ee7a ch\u00ednh \u1ed5 l\u0103n v\u00e0 v\u00f2ng trong bao g\u1ed3m hai h\u00e0ng r\u00e3nh r\u00e3nh l\u0103n. \u0110\u01b0\u1eddng k\u00ednh ngo\u00e0i 47mm chi\u1ec1u r\u1ed9ng t\u1ed5ng th\u1ec3 14mm lo\u1ea1i l\u1ed7 khoan h\u00ecnh tr\u1ee5 v\u1eadt li\u1ec7u [&hellip;]<\/p>","protected":false},"featured_media":2461,"comment_status":"open","ping_status":"closed","template":"","meta":{"site-sidebar-layout":"default","site-content-layout":"default","ast-site-content-layout":"","site-content-style":"default","site-sidebar-style":"default","ast-global-header-display":"","ast-banner-title-visibility":"","ast-main-header-display":"","ast-hfb-above-header-display":"","ast-hfb-below-header-display":"","ast-hfb-mobile-header-display":"","site-post-title":"","ast-breadcrumbs-content":"","ast-featured-img":"","footer-sml-layout":"","theme-transparent-header-meta":"default","adv-header-id-meta":"","stick-header-meta":"default","header-above-stick-meta":"","header-main-stick-meta":"","header-below-stick-meta":"","astra-migrate-meta-layouts":"default","ast-page-background-enabled":"default","ast-page-background-meta":{"desktop":{"background-color":"var(--ast-global-color-4)","background-image":"","background-repeat":"repeat","background-position":"center center","background-size":"auto","background-attachment":"scroll","background-type":"","background-media":"","overlay-type":"","overlay-color":"","overlay-opacity":"","overlay-gradient":""},"tablet":{"background-color":"","background-image":"","background-repeat":"repeat","background-position":"center center","background-size":"auto","background-attachment":"scroll","background-type":"","background-media":"","overlay-type":"","overlay-color":"","overlay-opacity":"","overlay-gradient":""},"mobile":{"background-color":"","background-image":"","background-repeat":"repeat","background-position":"center center","background-size":"auto","background-attachment":"scroll","background-type":"","background-media":"","overlay-type":"","overlay-color":"","overlay-opacity":"","overlay-gradient":""}},"ast-content-background-meta":{"desktop":{"background-color":"var(--ast-global-color-5)","background-image":"","background-repeat":"repeat","background-position":"center center","background-size":"auto","background-attachment":"scroll","background-type":"","background-media":"","overlay-type":"","overlay-color":"","overlay-opacity":"","overlay-gradient":""},"tablet":{"background-color":"var(--ast-global-color-5)","background-image":"","background-repeat":"repeat","background-position":"center center","background-size":"auto","background-attachment":"scroll","background-type":"","background-media":"","overlay-type":"","overlay-color":"","overlay-opacity":"","overlay-gradient":""},"mobile":{"background-color":"var(--ast-global-color-5)","background-image":"","background-repeat":"repeat","background-position":"center center","background-size":"auto","background-attachment":"scroll","background-type":"","background-media":"","overlay-type":"","overlay-color":"","overlay-opacity":"","overlay-gradient":""}}},"product_brand":[],"product_cat":[33],"product_tag":[],"hang":[],"danh-muc-hang-san-pham":[60],"class_list":{"0":"post-2460","1":"product","2":"type-product","3":"status-publish","4":"has-post-thumbnail","6":"product_cat-vong-bi","7":"pa_vat-lieu-thep","8":"danh-muc-hang-san-pham-hang-co-san","9":"desktop-align-left","10":"tablet-align-left","11":"mobile-align-left","12":"ast-product-gallery-layout-horizontal-slider","13":"ast-product-tabs-layout-horizontal","15":"first","16":"instock","17":"shipping-taxable","18":"purchasable","19":"product-type-simple"},"_links":{"self":[{"href":"https:\/\/haniauto.com\/en\/wp-json\/wp\/v2\/product\/2460","targetHints":{"allow":["GET"]}}],"collection":[{"href":"https:\/\/haniauto.com\/en\/wp-json\/wp\/v2\/product"}],"about":[{"href":"https:\/\/haniauto.com\/en\/wp-json\/wp\/v2\/types\/product"}],"replies":[{"embeddable":true,"href":"https:\/\/haniauto.com\/en\/wp-json\/wp\/v2\/comments?post=2460"}],"version-history":[{"count":0,"href":"https:\/\/haniauto.com\/en\/wp-json\/wp\/v2\/product\/2460\/revisions"}],"wp:featuredmedia":[{"embeddable":true,"href":"https:\/\/haniauto.com\/en\/wp-json\/wp\/v2\/media\/2461"}],"wp:attachment":[{"href":"https:\/\/haniauto.com\/en\/wp-json\/wp\/v2\/media?parent=2460"}],"wp:term":[{"taxonomy":"product_brand","embeddable":true,"href":"https:\/\/haniauto.com\/en\/wp-json\/wp\/v2\/product_brand?post=2460"},{"taxonomy":"product_cat","embeddable":true,"href":"https:\/\/haniauto.com\/en\/wp-json\/wp\/v2\/product_cat?post=2460"},{"taxonomy":"product_tag","embeddable":true,"href":"https:\/\/haniauto.com\/en\/wp-json\/wp\/v2\/product_tag?post=2460"},{"taxonomy":"hang","embeddable":true,"href":"https:\/\/haniauto.com\/en\/wp-json\/wp\/v2\/hang?post=2460"},{"taxonomy":"danh-muc-hang-san-pham","embeddable":true,"href":"https:\/\/haniauto.com\/en\/wp-json\/wp\/v2\/danh-muc-hang-san-pham?post=2460"}],"curies":[{"name":"wp","href":"https:\/\/api.w.org\/{rel}","templated":true}]}}