{"id":2051,"date":"2023-04-18T17:00:42","date_gmt":"2023-04-18T10:00:42","guid":{"rendered":"https:\/\/haniauto.com\/?post_type=product&#038;p=2051"},"modified":"2023-05-23T12:01:30","modified_gmt":"2023-05-23T05:01:30","slug":"tay-nam-cua-90mm-120mm-tay-nam-chu-d","status":"publish","type":"product","link":"https:\/\/haniauto.com\/en\/product\/tay-nam-cua-90mm-120mm-tay-nam-chu-d\/","title":{"rendered":"Door handle 90mm, 120mm\/Black aluminum handle"},"content":{"rendered":"<p>Black aluminum door handles are widely used in aluminum alloy configurations and many other devices and items: cabinet door handles, desk drawers, cabinets, etc., making it easy to hold and open doors. .<\/p>\n<p>Plastic and aluminum door handles with popular sizes:<\/p>\n<ul>\n<li>Hole center 90mm, length 107mm<\/li>\n<li>Hole center 120mm, length 140mm<\/li>\n<\/ul>\n<p>Door handles come in 2 types of materials: ABS plastic and aluminum alloy and are easy to use and offered at a low price.<\/p>\n<p><img fetchpriority=\"high\" decoding=\"async\" class=\"wp-image-2744\" src=\"https:\/\/haniauto.com\/wp-content\/uploads\/2023\/04\/6.-C-UPCA-Nhom-scaled.jpg\" alt=\"\" width=\"647\" height=\"647\" srcset=\"https:\/\/haniauto.com\/wp-content\/uploads\/2023\/04\/6.-C-UPCA-Nhom-scaled.jpg 2560w, https:\/\/haniauto.com\/wp-content\/uploads\/2023\/04\/6.-C-UPCA-Nhom-300x300.jpg 300w, https:\/\/haniauto.com\/wp-content\/uploads\/2023\/04\/6.-C-UPCA-Nhom-100x100.jpg 100w, https:\/\/haniauto.com\/wp-content\/uploads\/2023\/04\/6.-C-UPCA-Nhom-scaled-600x600.jpg 600w, https:\/\/haniauto.com\/wp-content\/uploads\/2023\/04\/6.-C-UPCA-Nhom-1024x1024.jpg 1024w, https:\/\/haniauto.com\/wp-content\/uploads\/2023\/04\/6.-C-UPCA-Nhom-150x150.jpg 150w, https:\/\/haniauto.com\/wp-content\/uploads\/2023\/04\/6.-C-UPCA-Nhom-768x768.jpg 768w, https:\/\/haniauto.com\/wp-content\/uploads\/2023\/04\/6.-C-UPCA-Nhom-1536x1536.jpg 1536w, https:\/\/haniauto.com\/wp-content\/uploads\/2023\/04\/6.-C-UPCA-Nhom-2048x2048.jpg 2048w, https:\/\/haniauto.com\/wp-content\/uploads\/2023\/04\/6.-C-UPCA-Nhom-12x12.jpg 12w, https:\/\/haniauto.com\/wp-content\/uploads\/2023\/04\/6.-C-UPCA-Nhom-50x50.jpg 50w\" sizes=\"(max-width: 647px) 100vw, 647px\" \/><\/p>\n<p><img decoding=\"async\" class=\"aligncenter size-full wp-image-2745\" src=\"https:\/\/haniauto.com\/wp-content\/uploads\/2023\/04\/upca.png\" alt=\"\" width=\"1398\" height=\"497\" srcset=\"https:\/\/haniauto.com\/wp-content\/uploads\/2023\/04\/upca.png 1398w, https:\/\/haniauto.com\/wp-content\/uploads\/2023\/04\/upca-300x107.png 300w, https:\/\/haniauto.com\/wp-content\/uploads\/2023\/04\/upca-600x213.png 600w, https:\/\/haniauto.com\/wp-content\/uploads\/2023\/04\/upca-1024x364.png 1024w, https:\/\/haniauto.com\/wp-content\/uploads\/2023\/04\/upca-768x273.png 768w, https:\/\/haniauto.com\/wp-content\/uploads\/2023\/04\/upca-18x6.png 18w\" sizes=\"(max-width: 1398px) 100vw, 1398px\" \/><\/p>","protected":false},"excerpt":{"rendered":"<p>Tay n\u1eafm c\u1eeda nh\u00f4m m\u00e0u \u0111en \u0111\u01b0\u1ee3c s\u1eed d\u1ee5ng r\u1ed9ng r\u00e3i trong c\u00e1c c\u1ea5u h\u00ecnh h\u1ee3p kim nh\u00f4m v\u00e0 nhi\u1ec1u thi\u1ebft b\u1ecb, v\u1eadt d\u1ee5ng kh\u00e1c: tay n\u1eafm c\u1eeda t\u1ee7, ng\u0103n k\u00e9o b\u00e0n, t\u1ee7 \u0111\u1ed3,&#8230; gi\u00fap d\u1ec5 d\u00e0ng n\u1eafm gi\u1eef v\u00e0 \u0111\u00f3ng m\u1edf c\u00e1nh c\u1eeda. Tay n\u1eafm c\u1eeda nh\u1ef1a, nh\u00f4m v\u1edbi k\u00edch th\u01b0\u1edbc ph\u1ed5 bi\u1ebfn: T\u00e2m [&hellip;]<\/p>","protected":false},"featured_media":2057,"comment_status":"open","ping_status":"closed","template":"","meta":{"site-sidebar-layout":"default","site-content-layout":"default","ast-site-content-layout":"","site-content-style":"default","site-sidebar-style":"default","ast-global-header-display":"","ast-banner-title-visibility":"","ast-main-header-display":"","ast-hfb-above-header-display":"","ast-hfb-below-header-display":"","ast-hfb-mobile-header-display":"","site-post-title":"","ast-breadcrumbs-content":"","ast-featured-img":"","footer-sml-layout":"","theme-transparent-header-meta":"default","adv-header-id-meta":"","stick-header-meta":"default","header-above-stick-meta":"","header-main-stick-meta":"","header-below-stick-meta":"","astra-migrate-meta-layouts":"default","ast-page-background-enabled":"default","ast-page-background-meta":{"desktop":{"background-color":"var(--ast-global-color-4)","background-image":"","background-repeat":"repeat","background-position":"center center","background-size":"auto","background-attachment":"scroll","background-type":"","background-media":"","overlay-type":"","overlay-color":"","overlay-opacity":"","overlay-gradient":""},"tablet":{"background-color":"","background-image":"","background-repeat":"repeat","background-position":"center center","background-size":"auto","background-attachment":"scroll","background-type":"","background-media":"","overlay-type":"","overlay-color":"","overlay-opacity":"","overlay-gradient":""},"mobile":{"background-color":"","background-image":"","background-repeat":"repeat","background-position":"center center","background-size":"auto","background-attachment":"scroll","background-type":"","background-media":"","overlay-type":"","overlay-color":"","overlay-opacity":"","overlay-gradient":""}},"ast-content-background-meta":{"desktop":{"background-color":"var(--ast-global-color-5)","background-image":"","background-repeat":"repeat","background-position":"center center","background-size":"auto","background-attachment":"scroll","background-type":"","background-media":"","overlay-type":"","overlay-color":"","overlay-opacity":"","overlay-gradient":""},"tablet":{"background-color":"var(--ast-global-color-5)","background-image":"","background-repeat":"repeat","background-position":"center center","background-size":"auto","background-attachment":"scroll","background-type":"","background-media":"","overlay-type":"","overlay-color":"","overlay-opacity":"","overlay-gradient":""},"mobile":{"background-color":"var(--ast-global-color-5)","background-image":"","background-repeat":"repeat","background-position":"center center","background-size":"auto","background-attachment":"scroll","background-type":"","background-media":"","overlay-type":"","overlay-color":"","overlay-opacity":"","overlay-gradient":""}}},"product_brand":[],"product_cat":[112],"product_tag":[],"hang":[],"danh-muc-hang-san-pham":[60],"class_list":{"0":"post-2051","1":"product","2":"type-product","3":"status-publish","4":"has-post-thumbnail","6":"product_cat-tay-nam","7":"pa_kieu-tay-nam-chu-d","8":"pa_vat-lieu-nhom-den","9":"danh-muc-hang-san-pham-hang-co-san","10":"desktop-align-left","11":"tablet-align-left","12":"mobile-align-left","13":"ast-product-gallery-layout-horizontal-slider","14":"ast-product-tabs-layout-horizontal","16":"first","17":"instock","18":"shipping-taxable","19":"purchasable","20":"product-type-simple"},"_links":{"self":[{"href":"https:\/\/haniauto.com\/en\/wp-json\/wp\/v2\/product\/2051","targetHints":{"allow":["GET"]}}],"collection":[{"href":"https:\/\/haniauto.com\/en\/wp-json\/wp\/v2\/product"}],"about":[{"href":"https:\/\/haniauto.com\/en\/wp-json\/wp\/v2\/types\/product"}],"replies":[{"embeddable":true,"href":"https:\/\/haniauto.com\/en\/wp-json\/wp\/v2\/comments?post=2051"}],"version-history":[{"count":0,"href":"https:\/\/haniauto.com\/en\/wp-json\/wp\/v2\/product\/2051\/revisions"}],"wp:featuredmedia":[{"embeddable":true,"href":"https:\/\/haniauto.com\/en\/wp-json\/wp\/v2\/media\/2057"}],"wp:attachment":[{"href":"https:\/\/haniauto.com\/en\/wp-json\/wp\/v2\/media?parent=2051"}],"wp:term":[{"taxonomy":"product_brand","embeddable":true,"href":"https:\/\/haniauto.com\/en\/wp-json\/wp\/v2\/product_brand?post=2051"},{"taxonomy":"product_cat","embeddable":true,"href":"https:\/\/haniauto.com\/en\/wp-json\/wp\/v2\/product_cat?post=2051"},{"taxonomy":"product_tag","embeddable":true,"href":"https:\/\/haniauto.com\/en\/wp-json\/wp\/v2\/product_tag?post=2051"},{"taxonomy":"hang","embeddable":true,"href":"https:\/\/haniauto.com\/en\/wp-json\/wp\/v2\/hang?post=2051"},{"taxonomy":"danh-muc-hang-san-pham","embeddable":true,"href":"https:\/\/haniauto.com\/en\/wp-json\/wp\/v2\/danh-muc-hang-san-pham?post=2051"}],"curies":[{"name":"wp","href":"https:\/\/api.w.org\/{rel}","templated":true}]}}