{"id":1933,"date":"2023-04-18T16:50:15","date_gmt":"2023-04-18T09:50:15","guid":{"rendered":"https:\/\/haniauto.com\/?post_type=product&#038;p=1933"},"modified":"2023-06-26T16:16:37","modified_gmt":"2023-06-26T09:16:37","slug":"ban-le-byh6060","status":"publish","type":"product","link":"https:\/\/haniauto.com\/en\/product\/ban-le-byh6060\/","title":{"rendered":"Hinge BYH6060 Hinge size 60x60mm"},"content":{"rendered":"<p><img fetchpriority=\"high\" decoding=\"async\" class=\"aligncenter size-full wp-image-1906\" src=\"https:\/\/haniauto.com\/wp-content\/uploads\/2023\/04\/BYH6060-a.jpg\" alt=\"\" width=\"643\" height=\"516\" srcset=\"https:\/\/haniauto.com\/wp-content\/uploads\/2023\/04\/BYH6060-a.jpg 643w, https:\/\/haniauto.com\/wp-content\/uploads\/2023\/04\/BYH6060-a-300x241.jpg 300w, https:\/\/haniauto.com\/wp-content\/uploads\/2023\/04\/BYH6060-a-600x481.jpg 600w, https:\/\/haniauto.com\/wp-content\/uploads\/2023\/04\/BYH6060-a-15x12.jpg 15w\" sizes=\"(max-width: 643px) 100vw, 643px\" \/> <img decoding=\"async\" class=\"aligncenter size-full wp-image-1905\" src=\"https:\/\/haniauto.com\/wp-content\/uploads\/2023\/04\/BYH6060.jpg\" alt=\"\" width=\"640\" height=\"400\" srcset=\"https:\/\/haniauto.com\/wp-content\/uploads\/2023\/04\/BYH6060.jpg 640w, https:\/\/haniauto.com\/wp-content\/uploads\/2023\/04\/BYH6060-300x188.jpg 300w, https:\/\/haniauto.com\/wp-content\/uploads\/2023\/04\/BYH6060-600x375.jpg 600w, https:\/\/haniauto.com\/wp-content\/uploads\/2023\/04\/BYH6060-18x12.jpg 18w\" sizes=\"(max-width: 640px) 100vw, 640px\" \/><\/p>\n<p><span style=\"color: #000000;\">\u2299 <\/span>Features of BYH6060 Hinge:<\/p>\n<p>The BYH6060 hinge is designed to meet the demanding requirements of industries. With high durability, bearing capacity and abrasion resistance, BYH6060 Hinge ensures stability and efficient operation for industrial systems. Additionally, the flexibility of the BYH6060 Hinge allows for easy adjustment and installation, helping to optimize manufacturing and maintenance.<\/p>\n<p>In addition, BYH6060 Hinge is an accessory designed for use in sliding door applications, windows, doors, industrial machinery, lids and other systems. BYH6060 hinges help doors close, open or rotate at certain angles easily and flexibly.<\/p>\n<p><span style=\"color: #000000;\">\u2299 <\/span>Material:<\/p>\n<p>BYH6060 hinges are usually made from Zinc Alloy material<\/p>\n<p><span style=\"color: #000000;\">\u2299 <\/span>Surface treatment:<\/p>\n<p>Diverse designs and colors: Bright Chrome Plated, Silver Plated, Black Plated<\/p>\n<p><span style=\"color: #000000;\">\u2299 Size:<\/span><\/p>\n<p>60mm x 60mm, hole center 30mm, thickness 5mm<\/p>\n<p><span style=\"color: #000000;\">\u2299 <\/span>Application of BYH6060 Hinge:<\/p>\n<p>BYH6060 hinge is widely used in many different industrial fields. Common applications of the BYH6060 Hinge include:<\/p>\n<p>Industrial doors: BYH6060 hinge helps provide flexible expansion and contraction for large industrial doors, or can be used to connect and attach components, modules and equipment in the manufacturing process and mechanical processing, ensuring safety and smooth operation.<\/p>\n<p>Industrial machinery: BYH6060 hinge is a key component in the installation and adjustment of industrial machinery components, ensuring stability and flexibility for diverse industrial applications.<\/p>","protected":false},"excerpt":{"rendered":"<p>\u2299 T\u00ednh n\u0103ng c\u1ee7a B\u1ea3n l\u1ec1 BYH6060: B\u1ea3n l\u1ec1 BYH6060 \u0111\u01b0\u1ee3c thi\u1ebft k\u1ebf \u0111\u1ec3 \u0111\u00e1p \u1ee9ng nh\u1eefng y\u00eau c\u1ea7u kh\u1eaft khe c\u1ee7a c\u00e1c ng\u00e0nh c\u00f4ng nghi\u1ec7p. V\u1edbi \u0111\u1ed9 b\u1ec1n cao, kh\u1ea3 n\u0103ng ch\u1ecbu l\u1ef1c v\u00e0 kh\u1ea3 n\u0103ng ch\u1ed1ng m\u00e0i m\u00f2n, B\u1ea3n l\u1ec1 BYH6060 \u0111\u1ea3m b\u1ea3o s\u1ef1 \u1ed5n \u0111\u1ecbnh v\u00e0 ho\u1ea1t \u0111\u1ed9ng hi\u1ec7u qu\u1ea3 cho c\u00e1c [&hellip;]<\/p>","protected":false},"featured_media":1931,"comment_status":"open","ping_status":"closed","template":"","meta":{"site-sidebar-layout":"default","site-content-layout":"default","ast-site-content-layout":"","site-content-style":"default","site-sidebar-style":"default","ast-global-header-display":"","ast-banner-title-visibility":"","ast-main-header-display":"","ast-hfb-above-header-display":"","ast-hfb-below-header-display":"","ast-hfb-mobile-header-display":"","site-post-title":"","ast-breadcrumbs-content":"","ast-featured-img":"","footer-sml-layout":"","theme-transparent-header-meta":"default","adv-header-id-meta":"","stick-header-meta":"default","header-above-stick-meta":"","header-main-stick-meta":"","header-below-stick-meta":"","astra-migrate-meta-layouts":"default","ast-page-background-enabled":"default","ast-page-background-meta":{"desktop":{"background-color":"var(--ast-global-color-4)","background-image":"","background-repeat":"repeat","background-position":"center center","background-size":"auto","background-attachment":"scroll","background-type":"","background-media":"","overlay-type":"","overlay-color":"","overlay-opacity":"","overlay-gradient":""},"tablet":{"background-color":"","background-image":"","background-repeat":"repeat","background-position":"center center","background-size":"auto","background-attachment":"scroll","background-type":"","background-media":"","overlay-type":"","overlay-color":"","overlay-opacity":"","overlay-gradient":""},"mobile":{"background-color":"","background-image":"","background-repeat":"repeat","background-position":"center center","background-size":"auto","background-attachment":"scroll","background-type":"","background-media":"","overlay-type":"","overlay-color":"","overlay-opacity":"","overlay-gradient":""}},"ast-content-background-meta":{"desktop":{"background-color":"var(--ast-global-color-5)","background-image":"","background-repeat":"repeat","background-position":"center center","background-size":"auto","background-attachment":"scroll","background-type":"","background-media":"","overlay-type":"","overlay-color":"","overlay-opacity":"","overlay-gradient":""},"tablet":{"background-color":"var(--ast-global-color-5)","background-image":"","background-repeat":"repeat","background-position":"center center","background-size":"auto","background-attachment":"scroll","background-type":"","background-media":"","overlay-type":"","overlay-color":"","overlay-opacity":"","overlay-gradient":""},"mobile":{"background-color":"var(--ast-global-color-5)","background-image":"","background-repeat":"repeat","background-position":"center center","background-size":"auto","background-attachment":"scroll","background-type":"","background-media":"","overlay-type":"","overlay-color":"","overlay-opacity":"","overlay-gradient":""}}},"product_brand":[],"product_cat":[110,51],"product_tag":[103,102],"hang":[],"danh-muc-hang-san-pham":[60],"class_list":{"0":"post-1933","1":"product","2":"type-product","3":"status-publish","4":"has-post-thumbnail","6":"product_cat-ban-le-phu-kien-khung-cua","7":"product_cat-phu-kien-khung-cua","8":"product_tag-103","9":"product_tag-byh6070","10":"pa_kieu-ban-le-phang","11":"pa_vat-lieu-hop-kim-kem","12":"pa_xu-ly-be-mat-ma-bac","13":"pa_xu-ly-be-mat-ma-crom","14":"danh-muc-hang-san-pham-hang-co-san","15":"desktop-align-left","16":"tablet-align-left","17":"mobile-align-left","18":"ast-product-gallery-layout-horizontal-slider","19":"ast-product-gallery-with-no-image","20":"ast-product-tabs-layout-horizontal","22":"first","23":"instock","24":"shipping-taxable","25":"purchasable","26":"product-type-simple"},"_links":{"self":[{"href":"https:\/\/haniauto.com\/en\/wp-json\/wp\/v2\/product\/1933","targetHints":{"allow":["GET"]}}],"collection":[{"href":"https:\/\/haniauto.com\/en\/wp-json\/wp\/v2\/product"}],"about":[{"href":"https:\/\/haniauto.com\/en\/wp-json\/wp\/v2\/types\/product"}],"replies":[{"embeddable":true,"href":"https:\/\/haniauto.com\/en\/wp-json\/wp\/v2\/comments?post=1933"}],"version-history":[{"count":0,"href":"https:\/\/haniauto.com\/en\/wp-json\/wp\/v2\/product\/1933\/revisions"}],"wp:featuredmedia":[{"embeddable":true,"href":"https:\/\/haniauto.com\/en\/wp-json\/wp\/v2\/media\/1931"}],"wp:attachment":[{"href":"https:\/\/haniauto.com\/en\/wp-json\/wp\/v2\/media?parent=1933"}],"wp:term":[{"taxonomy":"product_brand","embeddable":true,"href":"https:\/\/haniauto.com\/en\/wp-json\/wp\/v2\/product_brand?post=1933"},{"taxonomy":"product_cat","embeddable":true,"href":"https:\/\/haniauto.com\/en\/wp-json\/wp\/v2\/product_cat?post=1933"},{"taxonomy":"product_tag","embeddable":true,"href":"https:\/\/haniauto.com\/en\/wp-json\/wp\/v2\/product_tag?post=1933"},{"taxonomy":"hang","embeddable":true,"href":"https:\/\/haniauto.com\/en\/wp-json\/wp\/v2\/hang?post=1933"},{"taxonomy":"danh-muc-hang-san-pham","embeddable":true,"href":"https:\/\/haniauto.com\/en\/wp-json\/wp\/v2\/danh-muc-hang-san-pham?post=1933"}],"curies":[{"name":"wp","href":"https:\/\/api.w.org\/{rel}","templated":true}]}}